	
{"id":10,"date":"2020-03-27T15:41:18","date_gmt":"2020-03-27T14:41:18","guid":{"rendered":"https:\/\/alimentaire.jesoutiensmescommerces.fr\/aux-casiers-des-champs\/?page_id=10"},"modified":"2024-08-02T07:33:07","modified_gmt":"2024-08-02T05:33:07","slug":"bienvenue-sur-la-boutique-en-ligne-de","status":"publish","type":"page","link":"https:\/\/alimentaire.jesoutiensmescommerces.fr\/aux-casiers-des-champs\/","title":{"rendered":"Bienvenue sur la Boutique Aux Casiers des Champs"},"content":{"rendered":"\n<div class=\"wp-block-columns is-layout-flex wp-container-3\">\n<div class=\"wp-block-column is-vertically-aligned-center is-layout-flow\">\n<p>Envie de fruits et l\u00e9gumes bio !&nbsp;<\/p>\n\n\n\n<p>Aux Casiers Des Champs sont des distributeurs automatiques en libre service ouvert  7jrs\/7 de 8h00 \u00e0 21h00 situ\u00e9s \u00e0 Irodouer et \u00e0 B\u00e9d\u00e9e.<br>Nous vous proposons des l\u00e9gumes et fruits cultiv\u00e9s en agriculture biologique provenant du <a rel=\"noreferrer noopener\" href=\"https:\/\/lepotagerdagnes.fr\/\" target=\"_blank\">Potager d&rsquo;Agn\u00e8s<\/a> , mais aussi des produits de coll\u00e8gues de la r\u00e9gion et de la plateforme Biorennes.<br>Vous pouvez r\u00e9server vos produits en ligne et de les retirer \u00ab&nbsp;Aux Casiers Des Champs&nbsp;\u00bb entre de 10h00 et 19h00 du mardi au samedi. <\/p>\n\n\n\n<p>Les commandes sont \u00e0 passer la veille au plus tard. Le paiement se fait par CB lors du retrait.<br><strong>IMPORTANT laissez nous un num\u00e9ro de portable lors de votre commande. Le code de retrait vous sera transmis par sms.<\/strong><\/p>\n\n\n\n<p class=\"has-vivid-red-color has-text-color\"><strong>FERMETURE ESTIVALE DES COMMANDES. LE DISTIBUTEUR EN LIBRE SERVICE RESTE OUVERT TOUS LES JOURS<\/strong><\/p>\n<\/div>\n\n\n\n<div class=\"wp-block-column is-layout-flow\">\n<figure class=\"wp-block-image size-large\"><img decoding=\"async\" loading=\"lazy\" width=\"1022\" height=\"1024\" src=\"https:\/\/alimentaire.jesoutiensmescommerces.fr\/aux-casiers-des-champs\/wp-content\/uploads\/sites\/27\/2020\/12\/IMG_20200825_174215-1022x1024.jpg\" alt=\"\" class=\"wp-image-493\" srcset=\"https:\/\/alimentaire.jesoutiensmescommerces.fr\/aux-casiers-des-champs\/wp-content\/uploads\/sites\/27\/2020\/12\/IMG_20200825_174215-1022x1024.jpg 1022w, https:\/\/alimentaire.jesoutiensmescommerces.fr\/aux-casiers-des-champs\/wp-content\/uploads\/sites\/27\/2020\/12\/IMG_20200825_174215-300x300.jpg 300w, https:\/\/alimentaire.jesoutiensmescommerces.fr\/aux-casiers-des-champs\/wp-content\/uploads\/sites\/27\/2020\/12\/IMG_20200825_174215-150x150.jpg 150w, https:\/\/alimentaire.jesoutiensmescommerces.fr\/aux-casiers-des-champs\/wp-content\/uploads\/sites\/27\/2020\/12\/IMG_20200825_174215-768x769.jpg 768w, https:\/\/alimentaire.jesoutiensmescommerces.fr\/aux-casiers-des-champs\/wp-content\/uploads\/sites\/27\/2020\/12\/IMG_20200825_174215-1533x1536.jpg 1533w, https:\/\/alimentaire.jesoutiensmescommerces.fr\/aux-casiers-des-champs\/wp-content\/uploads\/sites\/27\/2020\/12\/IMG_20200825_174215-324x324.jpg 324w, https:\/\/alimentaire.jesoutiensmescommerces.fr\/aux-casiers-des-champs\/wp-content\/uploads\/sites\/27\/2020\/12\/IMG_20200825_174215-416x417.jpg 416w, https:\/\/alimentaire.jesoutiensmescommerces.fr\/aux-casiers-des-champs\/wp-content\/uploads\/sites\/27\/2020\/12\/IMG_20200825_174215-100x100.jpg 100w, https:\/\/alimentaire.jesoutiensmescommerces.fr\/aux-casiers-des-champs\/wp-content\/uploads\/sites\/27\/2020\/12\/IMG_20200825_174215.jpg 1797w\" sizes=\"(max-width: 1022px) 100vw, 1022px\" \/><\/figure>\n<\/div>\n<\/div>\n\n\n\n<div class=\"wp-block-columns is-layout-flex wp-container-7\">\n<div class=\"wp-block-column is-layout-flow\">\n<h2 class=\"wp-block-heading\">Nos derniers produits mis en ligne<\/h2>\n<\/div>\n\n\n\n<div class=\"wp-block-column is-layout-flow\">\n<div class=\"wp-block-buttons is-content-justification-right is-layout-flex wp-container-5\">\n<div class=\"wp-block-button\"><a class=\"wp-block-button__link has-background wp-element-button\" href=\"https:\/\/alimentaire.jesoutiensmescommerces.fr\/aux-casiers-des-champs\/boutique\/\" style=\"background-color:#c2c2c2\">Tous nos produits<\/a><\/div>\n<\/div>\n<\/div>\n<\/div>\n\n\n\n\n\n<h2 class=\"wp-block-heading has-text-align-center\">Aux casiers de champs<\/h2>\n\n\n\n<div class=\"wp-block-media-text alignwide is-stacked-on-mobile\"><figure class=\"wp-block-media-text__media\"><img decoding=\"async\" loading=\"lazy\" width=\"500\" height=\"375\" src=\"https:\/\/alimentaire.jesoutiensmescommerces.fr\/aux-casiers-des-champs\/wp-content\/uploads\/sites\/27\/2020\/04\/potager-agnes-casiers.jpg\" alt=\"\" class=\"wp-image-66 size-full\" srcset=\"https:\/\/alimentaire.jesoutiensmescommerces.fr\/aux-casiers-des-champs\/wp-content\/uploads\/sites\/27\/2020\/04\/potager-agnes-casiers.jpg 500w, https:\/\/alimentaire.jesoutiensmescommerces.fr\/aux-casiers-des-champs\/wp-content\/uploads\/sites\/27\/2020\/04\/potager-agnes-casiers-300x225.jpg 300w\" sizes=\"(max-width: 500px) 100vw, 500px\" \/><\/figure><div class=\"wp-block-media-text__content\">\n<h3 class=\"wp-block-heading\">Adresses<\/h3>\n\n\n\n<p>20 rue de Rennes 35850 IRODOUER<\/p>\n\n\n\n<p>1 rue de Rennes 35137 BEDEE<\/p>\n\n\n\n<h3 class=\"wp-block-heading\">Contact<\/h3>\n\n\n\n<p>06 04 14 57 74 &#8211; <a href=\"\/contactez-nous\/\" target=\"_blank\" rel=\"noreferrer noopener\">par email<\/a><\/p>\n\n\n\n<h3 class=\"wp-block-heading\">Site web<\/h3>\n\n\n\n<p><a href=\"https:\/\/lepotagerdagnes.fr\/\" target=\"_blank\" rel=\"noreferrer noopener\">lepotagerdagnes.fr<\/a><\/p>\n<\/div><\/div>\n\n\n\n<p><\/p>\n","protected":false},"excerpt":{"rendered":"<p>Envie de fruits et l\u00e9gumes bio !&nbsp; Aux Casiers Des Champs sont des distributeurs automatiques en libre service ouvert 7jrs\/7 de 8h00 \u00e0 21h00 situ\u00e9s \u00e0 Irodouer et \u00e0 B\u00e9d\u00e9e.Nous vous proposons des l\u00e9gumes et fruits cultiv\u00e9s en agriculture biologique provenant du Potager d&rsquo;Agn\u00e8s , mais aussi des produits de coll\u00e8gues de la r\u00e9gion et [&hellip;]<\/p>\n","protected":false},"author":1,"featured_media":0,"parent":0,"menu_order":0,"comment_status":"closed","ping_status":"closed","template":"template-homepage.php","meta":[],"_links":{"self":[{"href":"https:\/\/alimentaire.jesoutiensmescommerces.fr\/aux-casiers-des-champs\/wp-json\/wp\/v2\/pages\/10"}],"collection":[{"href":"https:\/\/alimentaire.jesoutiensmescommerces.fr\/aux-casiers-des-champs\/wp-json\/wp\/v2\/pages"}],"about":[{"href":"https:\/\/alimentaire.jesoutiensmescommerces.fr\/aux-casiers-des-champs\/wp-json\/wp\/v2\/types\/page"}],"author":[{"embeddable":true,"href":"https:\/\/alimentaire.jesoutiensmescommerces.fr\/aux-casiers-des-champs\/wp-json\/wp\/v2\/users\/1"}],"replies":[{"embeddable":true,"href":"https:\/\/alimentaire.jesoutiensmescommerces.fr\/aux-casiers-des-champs\/wp-json\/wp\/v2\/comments?post=10"}],"version-history":[{"count":30,"href":"https:\/\/alimentaire.jesoutiensmescommerces.fr\/aux-casiers-des-champs\/wp-json\/wp\/v2\/pages\/10\/revisions"}],"predecessor-version":[{"id":3578,"href":"https:\/\/alimentaire.jesoutiensmescommerces.fr\/aux-casiers-des-champs\/wp-json\/wp\/v2\/pages\/10\/revisions\/3578"}],"wp:attachment":[{"href":"https:\/\/alimentaire.jesoutiensmescommerces.fr\/aux-casiers-des-champs\/wp-json\/wp\/v2\/media?parent=10"}],"curies":[{"name":"wp","href":"https:\/\/api.w.org\/{rel}","templated":true}]}}